{"id":4571,"date":"2025-05-26T21:02:48","date_gmt":"2025-05-26T21:02:48","guid":{"rendered":"https:\/\/lasamclinic.com\/?post_type=product&#038;p=4571"},"modified":"2025-06-11T14:43:33","modified_gmt":"2025-06-11T14:43:33","slug":"biphasic-eyes-lips-remover-150ml","status":"publish","type":"product","link":"https:\/\/lasamclinic.com\/en\/product\/biphasic-eyes-lips-remover-150ml\/","title":{"rendered":"BIPHASIC EYES&#038;LIPS REMOVER 150ML NEW"},"content":{"rendered":"<h3>OSOBINE<\/h3>\n<p>Formulisano kori\u0161c\u0301enjem umirujuc\u0301ih i restrukturirajuc\u0301ih sastojaka alfa-bisabolola i betaina, kombinovanih sa bambusovim uljem za regenerativni i restaurativni efekat stimulisanjem sinteze kolagena.<\/p>\n<h3>UPUTSTVO ZA UPOTREBU<\/h3>\n<p class=\"p1\">\u2022 Za sve tipove kontura o\u010diju, \u010dak i najosetljivije i najreaktivnije<\/p>\n<p class=\"p1\">\u2022 Preporu\u010duje se za upotrebu na predelu kapaka i usana<\/p>\n<h3>BENEFITI<\/h3>\n<p>\u2022 \u010cisti<br \/>\n\u2022 Uklanja vodootpornu \u0161minku<br \/>\n\u2022 Omek\u0161ava ko\u017eu<\/p>\n<h3>SASTOJCI<\/h3>\n<p><strong>BEZ SURFAKTANTA. ME\u0160AVINA EMOLIJENTA:<\/strong><\/p>\n<p>Pa\u017eljivo odabrani sastojci zbog njihove odli\u010dne podno\u0161ljivosti na ko\u017ei, koji temeljno \u010diste ko\u017eu od svih ne\u010distoc\u0301a i tragova \u0161minke<\/p>\n<p><strong>Alfa-bisabolol<\/strong><\/p>\n<p class=\"p1\">\u2022\u00a0Umiruje i omek\u0161ava ko\u017eu<\/p>\n<p><strong>Betain<\/strong><\/p>\n<p>\u2022 Efekat restrukturiranja<\/p>\n<h3>Komplementarni proizvodi<\/h3>\n<p class=\"p1\">\u2022 Calm in Balm<\/p>\n<p class=\"p1\">\u2022 Micellar Water [AR]<\/p>\n<p class=\"p1\">\u2022 Upgrade [High Potency Serum]<\/p>\n<p class=\"p1\">\u2022 Photocorrection [AR 50+]<\/p>\n<h3>NANO\u0160ENJE<\/h3>\n<p>Dobro promuc\u0301kati pre upotrebe da se dva rastvora pome\u0161aju, naneti na pamu\u010dni tufer i prec\u0301i preko kapaka i usana da bi se uklonila \u0161minka i ne\u010distoc\u0301e.<br \/>\nNE ISPIRATI<\/p>\n","protected":false},"excerpt":{"rendered":"<h5 class=\"p1\">150ml<\/h5>\n<p>Two-phase solution, one aqueous and one oily, which\nsweeps away impurities and easily removes makeup\nfrom eyes and lips with maximum skin and eye\ntolerance. Suitable for removing all types of make-\nup, even waterproof.<\/p>\n<p>Ophthalmologically tested on people with sensitive eyes and contact lens wearers.<\/p>","protected":false},"featured_media":4572,"comment_status":"open","ping_status":"closed","template":"","meta":{"_coblocks_attr":"","_coblocks_dimensions":"","_coblocks_responsive_height":"","_coblocks_accordion_ie_support":""},"product_brand":[],"product_cat":[24],"product_tag":[],"class_list":{"0":"post-4571","1":"product","2":"type-product","3":"status-publish","4":"has-post-thumbnail","6":"product_cat-sensilis","8":"first","9":"instock","10":"taxable","11":"shipping-taxable","12":"purchasable","13":"product-type-simple"},"yoast_head":"<!-- This site is optimized with the Yoast SEO plugin v27.4 - https:\/\/yoast.com\/product\/yoast-seo-wordpress\/ -->\n<title>BIPHASIC EYES&amp;LIPS REMOVER 150ML NEW - lasamclinic<\/title>\n<meta name=\"robots\" content=\"index, follow, max-snippet:-1, max-image-preview:large, max-video-preview:-1\" \/>\n<link rel=\"canonical\" href=\"https:\/\/lasamclinic.com\/en\/product\/biphasic-eyes-lips-remover-150ml\/\" \/>\n<meta property=\"og:locale\" content=\"en_US\" \/>\n<meta property=\"og:type\" content=\"article\" \/>\n<meta property=\"og:title\" content=\"BIPHASIC EYES&amp;LIPS REMOVER 150ML NEW - lasamclinic\" \/>\n<meta property=\"og:description\" content=\"150ml Dvofazni rastvor, jedan vodeni i jedan uljani, koji uklanja ne\u010distoc\u0301e i lako uklanja \u0161minku sa o\u010diju i usana uz maksimalnu toleranciju za ko\u017eu i o\u010di. Pogodan za uklanjanje svih vrsta \u0161minke, \u010dak i vodootporne.  Oftalmolo\u0161ki testirano na osobama sa osetljivim o\u010dima i nosiocima kontaktnih so\u010diva.\" \/>\n<meta property=\"og:url\" content=\"https:\/\/lasamclinic.com\/en\/product\/biphasic-eyes-lips-remover-150ml\/\" \/>\n<meta property=\"og:site_name\" content=\"lasamclinic\" \/>\n<meta property=\"article:modified_time\" content=\"2025-06-11T14:43:33+00:00\" \/>\n<meta property=\"og:image\" content=\"https:\/\/lasamclinic.com\/wp-content\/uploads\/2025\/05\/BIPHASIC-EYESLIPS-REMOVER.png\" \/>\n\t<meta property=\"og:image:width\" content=\"1000\" \/>\n\t<meta property=\"og:image:height\" content=\"1000\" \/>\n\t<meta property=\"og:image:type\" content=\"image\/png\" \/>\n<meta name=\"twitter:card\" content=\"summary_large_image\" \/>\n<meta name=\"twitter:label1\" content=\"Est. reading time\" \/>\n\t<meta name=\"twitter:data1\" content=\"1 minute\" \/>\n<script type=\"application\/ld+json\" class=\"yoast-schema-graph\">{\"@context\":\"https:\\\/\\\/schema.org\",\"@graph\":[{\"@type\":\"WebPage\",\"@id\":\"https:\\\/\\\/lasamclinic.com\\\/product\\\/biphasic-eyes-lips-remover-150ml\\\/\",\"url\":\"https:\\\/\\\/lasamclinic.com\\\/product\\\/biphasic-eyes-lips-remover-150ml\\\/\",\"name\":\"BIPHASIC EYES&LIPS REMOVER 150ML NEW - lasamclinic\",\"isPartOf\":{\"@id\":\"https:\\\/\\\/lasamclinic.com\\\/#website\"},\"primaryImageOfPage\":{\"@id\":\"https:\\\/\\\/lasamclinic.com\\\/product\\\/biphasic-eyes-lips-remover-150ml\\\/#primaryimage\"},\"image\":{\"@id\":\"https:\\\/\\\/lasamclinic.com\\\/product\\\/biphasic-eyes-lips-remover-150ml\\\/#primaryimage\"},\"thumbnailUrl\":\"https:\\\/\\\/lasamclinic.com\\\/wp-content\\\/uploads\\\/2025\\\/05\\\/BIPHASIC-EYESLIPS-REMOVER.png\",\"datePublished\":\"2025-05-26T21:02:48+00:00\",\"dateModified\":\"2025-06-11T14:43:33+00:00\",\"breadcrumb\":{\"@id\":\"https:\\\/\\\/lasamclinic.com\\\/product\\\/biphasic-eyes-lips-remover-150ml\\\/#breadcrumb\"},\"inLanguage\":\"en-US\",\"potentialAction\":[{\"@type\":\"ReadAction\",\"target\":[\"https:\\\/\\\/lasamclinic.com\\\/product\\\/biphasic-eyes-lips-remover-150ml\\\/\"]}]},{\"@type\":\"ImageObject\",\"inLanguage\":\"en-US\",\"@id\":\"https:\\\/\\\/lasamclinic.com\\\/product\\\/biphasic-eyes-lips-remover-150ml\\\/#primaryimage\",\"url\":\"https:\\\/\\\/lasamclinic.com\\\/wp-content\\\/uploads\\\/2025\\\/05\\\/BIPHASIC-EYESLIPS-REMOVER.png\",\"contentUrl\":\"https:\\\/\\\/lasamclinic.com\\\/wp-content\\\/uploads\\\/2025\\\/05\\\/BIPHASIC-EYESLIPS-REMOVER.png\",\"width\":1000,\"height\":1000},{\"@type\":\"BreadcrumbList\",\"@id\":\"https:\\\/\\\/lasamclinic.com\\\/product\\\/biphasic-eyes-lips-remover-150ml\\\/#breadcrumb\",\"itemListElement\":[{\"@type\":\"ListItem\",\"position\":1,\"name\":\"Home\",\"item\":\"https:\\\/\\\/lasamclinic.com\\\/\"},{\"@type\":\"ListItem\",\"position\":2,\"name\":\"Proizvodi\",\"item\":\"https:\\\/\\\/lasamclinic.com\\\/proizvodi\\\/\"},{\"@type\":\"ListItem\",\"position\":3,\"name\":\"BIPHASIC EYES&#038;LIPS REMOVER 150ML NEW\"}]},{\"@type\":\"WebSite\",\"@id\":\"https:\\\/\\\/lasamclinic.com\\\/#website\",\"url\":\"https:\\\/\\\/lasamclinic.com\\\/\",\"name\":\"lasamclinic\",\"description\":\"Skin dermatology and laser clinic\",\"potentialAction\":[{\"@type\":\"SearchAction\",\"target\":{\"@type\":\"EntryPoint\",\"urlTemplate\":\"https:\\\/\\\/lasamclinic.com\\\/?s={search_term_string}\"},\"query-input\":{\"@type\":\"PropertyValueSpecification\",\"valueRequired\":true,\"valueName\":\"search_term_string\"}}],\"inLanguage\":\"en-US\"}]}<\/script>\n<!-- \/ Yoast SEO plugin. -->","yoast_head_json":{"title":"BIPHASIC EYES&LIPS REMOVER 150ML NEW - lasamclinic","robots":{"index":"index","follow":"follow","max-snippet":"max-snippet:-1","max-image-preview":"max-image-preview:large","max-video-preview":"max-video-preview:-1"},"canonical":"https:\/\/lasamclinic.com\/en\/product\/biphasic-eyes-lips-remover-150ml\/","og_locale":"en_US","og_type":"article","og_title":"BIPHASIC EYES&LIPS REMOVER 150ML NEW - lasamclinic","og_description":"150ml Dvofazni rastvor, jedan vodeni i jedan uljani, koji uklanja ne\u010distoc\u0301e i lako uklanja \u0161minku sa o\u010diju i usana uz maksimalnu toleranciju za ko\u017eu i o\u010di. Pogodan za uklanjanje svih vrsta \u0161minke, \u010dak i vodootporne.  Oftalmolo\u0161ki testirano na osobama sa osetljivim o\u010dima i nosiocima kontaktnih so\u010diva.","og_url":"https:\/\/lasamclinic.com\/en\/product\/biphasic-eyes-lips-remover-150ml\/","og_site_name":"lasamclinic","article_modified_time":"2025-06-11T14:43:33+00:00","og_image":[{"width":1000,"height":1000,"url":"https:\/\/lasamclinic.com\/wp-content\/uploads\/2025\/05\/BIPHASIC-EYESLIPS-REMOVER.png","type":"image\/png"}],"twitter_card":"summary_large_image","twitter_misc":{"Est. reading time":"1 minute"},"schema":{"@context":"https:\/\/schema.org","@graph":[{"@type":"WebPage","@id":"https:\/\/lasamclinic.com\/product\/biphasic-eyes-lips-remover-150ml\/","url":"https:\/\/lasamclinic.com\/product\/biphasic-eyes-lips-remover-150ml\/","name":"BIPHASIC EYES&LIPS REMOVER 150ML NEW - lasamclinic","isPartOf":{"@id":"https:\/\/lasamclinic.com\/#website"},"primaryImageOfPage":{"@id":"https:\/\/lasamclinic.com\/product\/biphasic-eyes-lips-remover-150ml\/#primaryimage"},"image":{"@id":"https:\/\/lasamclinic.com\/product\/biphasic-eyes-lips-remover-150ml\/#primaryimage"},"thumbnailUrl":"https:\/\/lasamclinic.com\/wp-content\/uploads\/2025\/05\/BIPHASIC-EYESLIPS-REMOVER.png","datePublished":"2025-05-26T21:02:48+00:00","dateModified":"2025-06-11T14:43:33+00:00","breadcrumb":{"@id":"https:\/\/lasamclinic.com\/product\/biphasic-eyes-lips-remover-150ml\/#breadcrumb"},"inLanguage":"en-US","potentialAction":[{"@type":"ReadAction","target":["https:\/\/lasamclinic.com\/product\/biphasic-eyes-lips-remover-150ml\/"]}]},{"@type":"ImageObject","inLanguage":"en-US","@id":"https:\/\/lasamclinic.com\/product\/biphasic-eyes-lips-remover-150ml\/#primaryimage","url":"https:\/\/lasamclinic.com\/wp-content\/uploads\/2025\/05\/BIPHASIC-EYESLIPS-REMOVER.png","contentUrl":"https:\/\/lasamclinic.com\/wp-content\/uploads\/2025\/05\/BIPHASIC-EYESLIPS-REMOVER.png","width":1000,"height":1000},{"@type":"BreadcrumbList","@id":"https:\/\/lasamclinic.com\/product\/biphasic-eyes-lips-remover-150ml\/#breadcrumb","itemListElement":[{"@type":"ListItem","position":1,"name":"Home","item":"https:\/\/lasamclinic.com\/"},{"@type":"ListItem","position":2,"name":"Proizvodi","item":"https:\/\/lasamclinic.com\/proizvodi\/"},{"@type":"ListItem","position":3,"name":"BIPHASIC EYES&#038;LIPS REMOVER 150ML NEW"}]},{"@type":"WebSite","@id":"https:\/\/lasamclinic.com\/#website","url":"https:\/\/lasamclinic.com\/","name":"lasamclinic","description":"Skin dermatology and laser clinic","potentialAction":[{"@type":"SearchAction","target":{"@type":"EntryPoint","urlTemplate":"https:\/\/lasamclinic.com\/?s={search_term_string}"},"query-input":{"@type":"PropertyValueSpecification","valueRequired":true,"valueName":"search_term_string"}}],"inLanguage":"en-US"}]}},"_links":{"self":[{"href":"https:\/\/lasamclinic.com\/en\/wp-json\/wp\/v2\/product\/4571","targetHints":{"allow":["GET"]}}],"collection":[{"href":"https:\/\/lasamclinic.com\/en\/wp-json\/wp\/v2\/product"}],"about":[{"href":"https:\/\/lasamclinic.com\/en\/wp-json\/wp\/v2\/types\/product"}],"replies":[{"embeddable":true,"href":"https:\/\/lasamclinic.com\/en\/wp-json\/wp\/v2\/comments?post=4571"}],"version-history":[{"count":6,"href":"https:\/\/lasamclinic.com\/en\/wp-json\/wp\/v2\/product\/4571\/revisions"}],"predecessor-version":[{"id":4837,"href":"https:\/\/lasamclinic.com\/en\/wp-json\/wp\/v2\/product\/4571\/revisions\/4837"}],"wp:featuredmedia":[{"embeddable":true,"href":"https:\/\/lasamclinic.com\/en\/wp-json\/wp\/v2\/media\/4572"}],"wp:attachment":[{"href":"https:\/\/lasamclinic.com\/en\/wp-json\/wp\/v2\/media?parent=4571"}],"wp:term":[{"taxonomy":"product_brand","embeddable":true,"href":"https:\/\/lasamclinic.com\/en\/wp-json\/wp\/v2\/product_brand?post=4571"},{"taxonomy":"product_cat","embeddable":true,"href":"https:\/\/lasamclinic.com\/en\/wp-json\/wp\/v2\/product_cat?post=4571"},{"taxonomy":"product_tag","embeddable":true,"href":"https:\/\/lasamclinic.com\/en\/wp-json\/wp\/v2\/product_tag?post=4571"}],"curies":[{"name":"wp","href":"https:\/\/api.w.org\/{rel}","templated":true}]}}